{"id":2792,"date":"2018-06-04T14:29:01","date_gmt":"2018-06-04T12:29:01","guid":{"rendered":"https:\/\/www.mokastresa.it\/miscele\/forza\/"},"modified":"2025-12-29T19:51:54","modified_gmt":"2025-12-29T18:51:54","slug":"forza","status":"publish","type":"product","link":"https:\/\/www.mokastresa.it\/en\/blends\/forza\/","title":{"rendered":"La Forza"},"content":{"rendered":"","protected":false},"excerpt":{"rendered":"<p class=\"p1\"><span class=\"s1\">This mixture was designed for those who appreciate a coffee that gives the charge thanks to a<span class=\"Apple-converted-space\">\u00a0\u00a0<\/span>strong and decisive taste:<span class=\"Apple-converted-space\">\u00a0\u00a0<\/span>in fact<span class=\"Apple-converted-space\">\u00a0\u00a0<\/span>the base of this mixture is<span class=\"Apple-converted-space\">\u00a0\u00a0<\/span>African coffee which has the main characteristic of being a coffee with a robust and intense taste.<br \/>\n<\/span><span class=\"s1\">To optimize the mixture, we have completed it with Brazilian coffee,( in order to lighten the intensity of the flavor)<span class=\"Apple-converted-space\">\u00a0\u00a0<\/span>Central American\u2019s ( Haiti Costa Rica, Nicaragua), Africans ( Congo, Ivory Coast) and Asian (India) to flavor just enough to get a balanced mixture. Excellent to taste in the morning or to be savored during work breaks.<\/span><\/p>\n<p class=\"p1\"><em><span class=\"s1\"><strong>Available in 250g and 500g sizes, ready for mocha or beans.<\/strong><\/span><\/em><\/p>\n<p class=\"p1\"><strong><span class=\"s1\">Prices (please contact us for the best offer regarding large quantities).<\/span><\/strong><\/p>\n<p>&nbsp;<\/p>\n<ul>\n<li>250g &#8211; 7.50\u20ac<\/li>\n<li>500g &#8211; 14.00\u20ac<\/li>\n<\/ul>\n","protected":false},"featured_media":2779,"comment_status":"open","ping_status":"closed","template":"","meta":[],"product_cat":[30],"product_tag":[],"class_list":{"0":"post-2792","1":"product","2":"type-product","3":"status-publish","4":"has-post-thumbnail","6":"product_cat-coffee-en","8":"first","9":"outofstock","10":"shipping-taxable","11":"product-type-variable"},"yoast_head":"<!-- This site is optimized with the Yoast SEO plugin v24.2 - https:\/\/yoast.com\/wordpress\/plugins\/seo\/ -->\n<title>Caff\u00e8 di sapore robusto e dal gusto intenso<\/title>\n<meta name=\"description\" content=\"Scopri questa miscela ideata per chi apprezza un caff\u00e8 che d\u00e0 la carica; dal gusto forte e deciso, realizzato con caff\u00e8 africano e brasiliano\" \/>\n<meta name=\"robots\" content=\"index, follow, max-snippet:-1, max-image-preview:large, max-video-preview:-1\" \/>\n<link rel=\"canonical\" href=\"https:\/\/www.mokastresa.it\/en\/blends\/forza\/\" \/>\n<meta property=\"og:locale\" content=\"en_US\" \/>\n<meta property=\"og:type\" content=\"article\" \/>\n<meta property=\"og:title\" content=\"Caff\u00e8 di sapore robusto e dal gusto intenso\" \/>\n<meta property=\"og:description\" content=\"Scopri questa miscela ideata per chi apprezza un caff\u00e8 che d\u00e0 la carica; dal gusto forte e deciso, realizzato con caff\u00e8 africano e brasiliano\" \/>\n<meta property=\"og:url\" content=\"https:\/\/www.mokastresa.it\/en\/blends\/forza\/\" \/>\n<meta property=\"og:site_name\" content=\"Torrefazione Moka Stresa\" \/>\n<meta property=\"article:publisher\" content=\"https:\/\/www.facebook.com\/torrefazionemokastresa\/\" \/>\n<meta property=\"article:modified_time\" content=\"2025-12-29T18:51:54+00:00\" \/>\n<meta property=\"og:image\" content=\"https:\/\/www.mokastresa.it\/wp-content\/uploads\/2018\/06\/la-forza.jpg\" \/>\n\t<meta property=\"og:image:width\" content=\"1500\" \/>\n\t<meta property=\"og:image:height\" content=\"1500\" \/>\n\t<meta property=\"og:image:type\" content=\"image\/jpeg\" \/>\n<meta name=\"twitter:card\" content=\"summary_large_image\" \/>\n<script type=\"application\/ld+json\" class=\"yoast-schema-graph\">{\"@context\":\"https:\/\/schema.org\",\"@graph\":[{\"@type\":\"WebPage\",\"@id\":\"https:\/\/www.mokastresa.it\/en\/blends\/forza\/\",\"url\":\"https:\/\/www.mokastresa.it\/en\/blends\/forza\/\",\"name\":\"Caff\u00e8 di sapore robusto e dal gusto intenso\",\"isPartOf\":{\"@id\":\"https:\/\/www.mokastresa.it\/en\/#website\"},\"primaryImageOfPage\":{\"@id\":\"https:\/\/www.mokastresa.it\/en\/blends\/forza\/#primaryimage\"},\"image\":{\"@id\":\"https:\/\/www.mokastresa.it\/en\/blends\/forza\/#primaryimage\"},\"thumbnailUrl\":\"https:\/\/www.mokastresa.it\/wp-content\/uploads\/2018\/06\/la-forza.jpg\",\"datePublished\":\"2018-06-04T12:29:01+00:00\",\"dateModified\":\"2025-12-29T18:51:54+00:00\",\"description\":\"Scopri questa miscela ideata per chi apprezza un caff\u00e8 che d\u00e0 la carica; dal gusto forte e deciso, realizzato con caff\u00e8 africano e brasiliano\",\"breadcrumb\":{\"@id\":\"https:\/\/www.mokastresa.it\/en\/blends\/forza\/#breadcrumb\"},\"inLanguage\":\"en-US\",\"potentialAction\":[{\"@type\":\"ReadAction\",\"target\":[\"https:\/\/www.mokastresa.it\/en\/blends\/forza\/\"]}]},{\"@type\":\"ImageObject\",\"inLanguage\":\"en-US\",\"@id\":\"https:\/\/www.mokastresa.it\/en\/blends\/forza\/#primaryimage\",\"url\":\"https:\/\/www.mokastresa.it\/wp-content\/uploads\/2018\/06\/la-forza.jpg\",\"contentUrl\":\"https:\/\/www.mokastresa.it\/wp-content\/uploads\/2018\/06\/la-forza.jpg\",\"width\":1500,\"height\":1500},{\"@type\":\"BreadcrumbList\",\"@id\":\"https:\/\/www.mokastresa.it\/en\/blends\/forza\/#breadcrumb\",\"itemListElement\":[{\"@type\":\"ListItem\",\"position\":1,\"name\":\"Home\",\"item\":\"https:\/\/www.mokastresa.it\/en\/\"},{\"@type\":\"ListItem\",\"position\":2,\"name\":\"Products\",\"item\":\"https:\/\/www.mokastresa.it\/en\/shop\/\"},{\"@type\":\"ListItem\",\"position\":3,\"name\":\"La Forza\"}]},{\"@type\":\"WebSite\",\"@id\":\"https:\/\/www.mokastresa.it\/en\/#website\",\"url\":\"https:\/\/www.mokastresa.it\/en\/\",\"name\":\"Torrefazione Moka Stresa\",\"description\":\"\",\"publisher\":{\"@id\":\"https:\/\/www.mokastresa.it\/en\/#organization\"},\"potentialAction\":[{\"@type\":\"SearchAction\",\"target\":{\"@type\":\"EntryPoint\",\"urlTemplate\":\"https:\/\/www.mokastresa.it\/en\/?s={search_term_string}\"},\"query-input\":{\"@type\":\"PropertyValueSpecification\",\"valueRequired\":true,\"valueName\":\"search_term_string\"}}],\"inLanguage\":\"en-US\"},{\"@type\":\"Organization\",\"@id\":\"https:\/\/www.mokastresa.it\/en\/#organization\",\"name\":\"Torrefazione Moka Stresa\",\"url\":\"https:\/\/www.mokastresa.it\/en\/\",\"logo\":{\"@type\":\"ImageObject\",\"inLanguage\":\"en-US\",\"@id\":\"https:\/\/www.mokastresa.it\/en\/#\/schema\/logo\/image\/\",\"url\":\"https:\/\/www.mokastresa.it\/wp-content\/uploads\/2024\/07\/logo-moka-stresa-01.png\",\"contentUrl\":\"https:\/\/www.mokastresa.it\/wp-content\/uploads\/2024\/07\/logo-moka-stresa-01.png\",\"width\":807,\"height\":274,\"caption\":\"Torrefazione Moka Stresa\"},\"image\":{\"@id\":\"https:\/\/www.mokastresa.it\/en\/#\/schema\/logo\/image\/\"},\"sameAs\":[\"https:\/\/www.facebook.com\/torrefazionemokastresa\/\",\"https:\/\/www.instagram.com\/torrefazionemokastresa\/\"]}]}<\/script>\n<!-- \/ Yoast SEO plugin. -->","yoast_head_json":{"title":"Caff\u00e8 di sapore robusto e dal gusto intenso","description":"Scopri questa miscela ideata per chi apprezza un caff\u00e8 che d\u00e0 la carica; dal gusto forte e deciso, realizzato con caff\u00e8 africano e brasiliano","robots":{"index":"index","follow":"follow","max-snippet":"max-snippet:-1","max-image-preview":"max-image-preview:large","max-video-preview":"max-video-preview:-1"},"canonical":"https:\/\/www.mokastresa.it\/en\/blends\/forza\/","og_locale":"en_US","og_type":"article","og_title":"Caff\u00e8 di sapore robusto e dal gusto intenso","og_description":"Scopri questa miscela ideata per chi apprezza un caff\u00e8 che d\u00e0 la carica; dal gusto forte e deciso, realizzato con caff\u00e8 africano e brasiliano","og_url":"https:\/\/www.mokastresa.it\/en\/blends\/forza\/","og_site_name":"Torrefazione Moka Stresa","article_publisher":"https:\/\/www.facebook.com\/torrefazionemokastresa\/","article_modified_time":"2025-12-29T18:51:54+00:00","og_image":[{"width":1500,"height":1500,"url":"https:\/\/www.mokastresa.it\/wp-content\/uploads\/2018\/06\/la-forza.jpg","type":"image\/jpeg"}],"twitter_card":"summary_large_image","schema":{"@context":"https:\/\/schema.org","@graph":[{"@type":"WebPage","@id":"https:\/\/www.mokastresa.it\/en\/blends\/forza\/","url":"https:\/\/www.mokastresa.it\/en\/blends\/forza\/","name":"Caff\u00e8 di sapore robusto e dal gusto intenso","isPartOf":{"@id":"https:\/\/www.mokastresa.it\/en\/#website"},"primaryImageOfPage":{"@id":"https:\/\/www.mokastresa.it\/en\/blends\/forza\/#primaryimage"},"image":{"@id":"https:\/\/www.mokastresa.it\/en\/blends\/forza\/#primaryimage"},"thumbnailUrl":"https:\/\/www.mokastresa.it\/wp-content\/uploads\/2018\/06\/la-forza.jpg","datePublished":"2018-06-04T12:29:01+00:00","dateModified":"2025-12-29T18:51:54+00:00","description":"Scopri questa miscela ideata per chi apprezza un caff\u00e8 che d\u00e0 la carica; dal gusto forte e deciso, realizzato con caff\u00e8 africano e brasiliano","breadcrumb":{"@id":"https:\/\/www.mokastresa.it\/en\/blends\/forza\/#breadcrumb"},"inLanguage":"en-US","potentialAction":[{"@type":"ReadAction","target":["https:\/\/www.mokastresa.it\/en\/blends\/forza\/"]}]},{"@type":"ImageObject","inLanguage":"en-US","@id":"https:\/\/www.mokastresa.it\/en\/blends\/forza\/#primaryimage","url":"https:\/\/www.mokastresa.it\/wp-content\/uploads\/2018\/06\/la-forza.jpg","contentUrl":"https:\/\/www.mokastresa.it\/wp-content\/uploads\/2018\/06\/la-forza.jpg","width":1500,"height":1500},{"@type":"BreadcrumbList","@id":"https:\/\/www.mokastresa.it\/en\/blends\/forza\/#breadcrumb","itemListElement":[{"@type":"ListItem","position":1,"name":"Home","item":"https:\/\/www.mokastresa.it\/en\/"},{"@type":"ListItem","position":2,"name":"Products","item":"https:\/\/www.mokastresa.it\/en\/shop\/"},{"@type":"ListItem","position":3,"name":"La Forza"}]},{"@type":"WebSite","@id":"https:\/\/www.mokastresa.it\/en\/#website","url":"https:\/\/www.mokastresa.it\/en\/","name":"Torrefazione Moka Stresa","description":"","publisher":{"@id":"https:\/\/www.mokastresa.it\/en\/#organization"},"potentialAction":[{"@type":"SearchAction","target":{"@type":"EntryPoint","urlTemplate":"https:\/\/www.mokastresa.it\/en\/?s={search_term_string}"},"query-input":{"@type":"PropertyValueSpecification","valueRequired":true,"valueName":"search_term_string"}}],"inLanguage":"en-US"},{"@type":"Organization","@id":"https:\/\/www.mokastresa.it\/en\/#organization","name":"Torrefazione Moka Stresa","url":"https:\/\/www.mokastresa.it\/en\/","logo":{"@type":"ImageObject","inLanguage":"en-US","@id":"https:\/\/www.mokastresa.it\/en\/#\/schema\/logo\/image\/","url":"https:\/\/www.mokastresa.it\/wp-content\/uploads\/2024\/07\/logo-moka-stresa-01.png","contentUrl":"https:\/\/www.mokastresa.it\/wp-content\/uploads\/2024\/07\/logo-moka-stresa-01.png","width":807,"height":274,"caption":"Torrefazione Moka Stresa"},"image":{"@id":"https:\/\/www.mokastresa.it\/en\/#\/schema\/logo\/image\/"},"sameAs":["https:\/\/www.facebook.com\/torrefazionemokastresa\/","https:\/\/www.instagram.com\/torrefazionemokastresa\/"]}]}},"_links":{"self":[{"href":"https:\/\/www.mokastresa.it\/en\/wp-json\/wp\/v2\/product\/2792","targetHints":{"allow":["GET"]}}],"collection":[{"href":"https:\/\/www.mokastresa.it\/en\/wp-json\/wp\/v2\/product"}],"about":[{"href":"https:\/\/www.mokastresa.it\/en\/wp-json\/wp\/v2\/types\/product"}],"replies":[{"embeddable":true,"href":"https:\/\/www.mokastresa.it\/en\/wp-json\/wp\/v2\/comments?post=2792"}],"wp:featuredmedia":[{"embeddable":true,"href":"https:\/\/www.mokastresa.it\/en\/wp-json\/wp\/v2\/media\/2779"}],"wp:attachment":[{"href":"https:\/\/www.mokastresa.it\/en\/wp-json\/wp\/v2\/media?parent=2792"}],"wp:term":[{"taxonomy":"product_cat","embeddable":true,"href":"https:\/\/www.mokastresa.it\/en\/wp-json\/wp\/v2\/product_cat?post=2792"},{"taxonomy":"product_tag","embeddable":true,"href":"https:\/\/www.mokastresa.it\/en\/wp-json\/wp\/v2\/product_tag?post=2792"}],"curies":[{"name":"wp","href":"https:\/\/api.w.org\/{rel}","templated":true}]}}